{"id":27,"date":"2022-01-12T23:03:25","date_gmt":"2022-01-12T23:03:25","guid":{"rendered":"https:\/\/el-personalorganizer.ch\/?page_id=27"},"modified":"2023-05-09T00:37:09","modified_gmt":"2023-05-09T00:37:09","slug":"accueil","status":"publish","type":"page","link":"https:\/\/el-personalorganizer.ch\/","title":{"rendered":"Accueil"},"content":{"rendered":"\t\t<div data-elementor-type=\"wp-page\" data-elementor-id=\"27\" class=\"elementor elementor-27\" data-elementor-post-type=\"page\">\n\t\t\t\t\t\t<section data-particle_enable=\"false\" data-particle-mobile-disabled=\"false\" class=\"elementor-section elementor-top-section elementor-element elementor-element-3fbe6ebf elementor-section-boxed elementor-section-height-default elementor-section-height-default\" data-id=\"3fbe6ebf\" data-element_type=\"section\" data-e-type=\"section\" data-settings=\"{&quot;shape_divider_bottom&quot;:&quot;tilt&quot;,&quot;background_background&quot;:&quot;slideshow&quot;,&quot;background_slideshow_gallery&quot;:[{&quot;id&quot;:374,&quot;url&quot;:&quot;https:\\\/\\\/el-personalorganizer.ch\\\/wp-content\\\/uploads\\\/2022\\\/02\\\/07-2.jpg&quot;},{&quot;id&quot;:615,&quot;url&quot;:&quot;https:\\\/\\\/el-personalorganizer.ch\\\/wp-content\\\/uploads\\\/2022\\\/03\\\/36-1-e1646347670665.jpg&quot;},{&quot;id&quot;:389,&quot;url&quot;:&quot;https:\\\/\\\/el-personalorganizer.ch\\\/wp-content\\\/uploads\\\/2022\\\/02\\\/51-1.jpg&quot;},{&quot;id&quot;:647,&quot;url&quot;:&quot;https:\\\/\\\/el-personalorganizer.ch\\\/wp-content\\\/uploads\\\/2022\\\/03\\\/57-1.jpg&quot;}],&quot;background_slideshow_ken_burns&quot;:&quot;yes&quot;,&quot;background_slideshow_loop&quot;:&quot;yes&quot;,&quot;background_slideshow_slide_duration&quot;:5000,&quot;background_slideshow_slide_transition&quot;:&quot;fade&quot;,&quot;background_slideshow_transition_duration&quot;:500,&quot;background_slideshow_ken_burns_zoom_direction&quot;:&quot;in&quot;}\">\n\t\t\t\t\t<div class=\"elementor-shape elementor-shape-bottom\" aria-hidden=\"true\" data-negative=\"false\">\n\t\t\t<svg xmlns=\"http:\/\/www.w3.org\/2000\/svg\" viewBox=\"0 0 1000 100\" preserveAspectRatio=\"none\">\n\t<path class=\"elementor-shape-fill\" d=\"M0,6V0h1000v100L0,6z\"\/>\n<\/svg>\t\t<\/div>\n\t\t\t\t\t<div class=\"elementor-container elementor-column-gap-no\">\n\t\t\t\t\t<div class=\"elementor-column elementor-col-50 elementor-top-column elementor-element elementor-element-32340c9 elementor-hidden-tablet elementor-hidden-mobile\" data-id=\"32340c9\" data-element_type=\"column\" data-e-type=\"column\">\n\t\t\t<div class=\"elementor-widget-wrap\">\n\t\t\t\t\t\t\t<\/div>\n\t\t<\/div>\n\t\t\t\t<div class=\"elementor-column elementor-col-50 elementor-top-column elementor-element elementor-element-c72e65d elementor-invisible\" data-id=\"c72e65d\" data-element_type=\"column\" data-e-type=\"column\" data-settings=\"{&quot;animation&quot;:&quot;fadeIn&quot;,&quot;animation_tablet&quot;:&quot;fadeInRight&quot;,&quot;background_background&quot;:&quot;classic&quot;,&quot;motion_fx_motion_fx_scrolling&quot;:&quot;yes&quot;,&quot;motion_fx_devices&quot;:[&quot;desktop&quot;,&quot;tablet&quot;,&quot;mobile&quot;]}\">\n\t\t\t<div class=\"elementor-widget-wrap elementor-element-populated\">\n\t\t\t\t\t<div class=\"elementor-background-overlay\"><\/div>\n\t\t\t\t\t\t<div class=\"elementor-element elementor-element-3141e15b elementor-widget elementor-widget-heading\" data-id=\"3141e15b\" data-element_type=\"widget\" data-e-type=\"widget\" data-widget_type=\"heading.default\">\n\t\t\t\t<div class=\"elementor-widget-container\">\n\t\t\t\t\t<h2 class=\"elementor-heading-title elementor-size-default\">Votre  Personal Organizer<\/h2>\t\t\t\t<\/div>\n\t\t\t\t<\/div>\n\t\t\t\t<div class=\"elementor-element elementor-element-7a397af0 elementor-widget elementor-widget-text-editor\" data-id=\"7a397af0\" data-element_type=\"widget\" data-e-type=\"widget\" data-widget_type=\"text-editor.default\">\n\t\t\t\t<div class=\"elementor-widget-container\">\n\t\t\t\t\t\t\t\t\t<p style=\"text-align: center;\"><strong>Gen\u00e8ve -Suisse<\/strong><\/p>\t\t\t\t\t\t\t\t<\/div>\n\t\t\t\t<\/div>\n\t\t\t\t\t<\/div>\n\t\t<\/div>\n\t\t\t\t\t<\/div>\n\t\t<\/section>\n\t\t\t\t<section data-particle_enable=\"false\" data-particle-mobile-disabled=\"false\" class=\"elementor-section elementor-top-section elementor-element elementor-element-5b3e5f2b elementor-section-boxed elementor-section-height-default elementor-section-height-default\" data-id=\"5b3e5f2b\" data-element_type=\"section\" data-e-type=\"section\" data-settings=\"{&quot;background_background&quot;:&quot;classic&quot;}\">\n\t\t\t\t\t\t<div class=\"elementor-container elementor-column-gap-no\">\n\t\t\t\t\t<div class=\"elementor-column elementor-col-50 elementor-top-column elementor-element elementor-element-7b069451 elementor-invisible\" data-id=\"7b069451\" data-element_type=\"column\" data-e-type=\"column\" data-settings=\"{&quot;animation&quot;:&quot;fadeInLeft&quot;,&quot;animation_tablet&quot;:&quot;fadeInLeft&quot;,&quot;animation_mobile&quot;:&quot;fadeInLeft&quot;}\">\n\t\t\t<div class=\"elementor-widget-wrap elementor-element-populated\">\n\t\t\t\t\t\t<div class=\"elementor-element elementor-element-69e9fc9a elementor-widget elementor-widget-image\" data-id=\"69e9fc9a\" data-element_type=\"widget\" data-e-type=\"widget\" data-settings=\"{&quot;motion_fx_motion_fx_mouse&quot;:&quot;yes&quot;,&quot;motion_fx_mouseTrack_effect&quot;:&quot;yes&quot;,&quot;motion_fx_mouseTrack_direction&quot;:&quot;negative&quot;,&quot;motion_fx_mouseTrack_speed&quot;:{&quot;unit&quot;:&quot;px&quot;,&quot;size&quot;:0.200000000000000011102230246251565404236316680908203125,&quot;sizes&quot;:[]}}\" data-widget_type=\"image.default\">\n\t\t\t\t<div class=\"elementor-widget-container\">\n\t\t\t\t\t\t\t\t\t\t\t\t\t\t\t<img fetchpriority=\"high\" decoding=\"async\" width=\"1051\" height=\"1325\" src=\"https:\/\/el-personalorganizer.ch\/wp-content\/uploads\/2022\/01\/tempFileForShare_20220115-200932-1.jpg\" class=\"attachment-full size-full wp-image-257\" alt=\"\" srcset=\"https:\/\/el-personalorganizer.ch\/wp-content\/uploads\/2022\/01\/tempFileForShare_20220115-200932-1.jpg 1051w, https:\/\/el-personalorganizer.ch\/wp-content\/uploads\/2022\/01\/tempFileForShare_20220115-200932-1-238x300.jpg 238w, https:\/\/el-personalorganizer.ch\/wp-content\/uploads\/2022\/01\/tempFileForShare_20220115-200932-1-812x1024.jpg 812w, https:\/\/el-personalorganizer.ch\/wp-content\/uploads\/2022\/01\/tempFileForShare_20220115-200932-1-768x968.jpg 768w, https:\/\/el-personalorganizer.ch\/wp-content\/uploads\/2022\/01\/tempFileForShare_20220115-200932-1-600x756.jpg 600w\" sizes=\"(max-width: 1051px) 100vw, 1051px\" \/>\t\t\t\t\t\t\t\t\t\t\t\t\t\t\t<\/div>\n\t\t\t\t<\/div>\n\t\t\t\t<div class=\"elementor-element elementor-element-2b0e3d96 elementor-widget elementor-widget-image\" data-id=\"2b0e3d96\" data-element_type=\"widget\" data-e-type=\"widget\" data-settings=\"{&quot;motion_fx_motion_fx_mouse&quot;:&quot;yes&quot;,&quot;motion_fx_mouseTrack_effect&quot;:&quot;yes&quot;,&quot;motion_fx_mouseTrack_speed&quot;:{&quot;unit&quot;:&quot;px&quot;,&quot;size&quot;:0.1000000000000000055511151231257827021181583404541015625,&quot;sizes&quot;:[]}}\" data-widget_type=\"image.default\">\n\t\t\t\t<div class=\"elementor-widget-container\">\n\t\t\t\t\t\t\t\t\t\t\t\t\t\t\t<img decoding=\"async\" width=\"2745\" height=\"3932\" src=\"https:\/\/el-personalorganizer.ch\/wp-content\/uploads\/2022\/01\/Rectangle.png\" class=\"attachment-full size-full wp-image-35\" alt=\"\" srcset=\"https:\/\/el-personalorganizer.ch\/wp-content\/uploads\/2022\/01\/Rectangle.png 2745w, https:\/\/el-personalorganizer.ch\/wp-content\/uploads\/2022\/01\/Rectangle-209x300.png 209w, https:\/\/el-personalorganizer.ch\/wp-content\/uploads\/2022\/01\/Rectangle-715x1024.png 715w, https:\/\/el-personalorganizer.ch\/wp-content\/uploads\/2022\/01\/Rectangle-768x1100.png 768w, https:\/\/el-personalorganizer.ch\/wp-content\/uploads\/2022\/01\/Rectangle-1072x1536.png 1072w, https:\/\/el-personalorganizer.ch\/wp-content\/uploads\/2022\/01\/Rectangle-1430x2048.png 1430w, https:\/\/el-personalorganizer.ch\/wp-content\/uploads\/2022\/01\/Rectangle-600x859.png 600w\" sizes=\"(max-width: 2745px) 100vw, 2745px\" \/>\t\t\t\t\t\t\t\t\t\t\t\t\t\t\t<\/div>\n\t\t\t\t<\/div>\n\t\t\t\t\t<\/div>\n\t\t<\/div>\n\t\t\t\t<div class=\"elementor-column elementor-col-50 elementor-top-column elementor-element elementor-element-36bb232b elementor-invisible\" data-id=\"36bb232b\" data-element_type=\"column\" data-e-type=\"column\" data-settings=\"{&quot;animation&quot;:&quot;fadeInRight&quot;,&quot;animation_tablet&quot;:&quot;fadeInRight&quot;,&quot;animation_mobile&quot;:&quot;fadeInRight&quot;}\">\n\t\t\t<div class=\"elementor-widget-wrap elementor-element-populated\">\n\t\t\t\t\t\t<div class=\"elementor-element elementor-element-62e8e6bf elementor-widget elementor-widget-heading\" data-id=\"62e8e6bf\" data-element_type=\"widget\" data-e-type=\"widget\" data-widget_type=\"heading.default\">\n\t\t\t\t<div class=\"elementor-widget-container\">\n\t\t\t\t\t<h1 class=\"elementor-heading-title elementor-size-default\">ELIETE LUTHI<\/h1>\t\t\t\t<\/div>\n\t\t\t\t<\/div>\n\t\t\t\t<div class=\"elementor-element elementor-element-79598f15 elementor-widget elementor-widget-heading\" data-id=\"79598f15\" data-element_type=\"widget\" data-e-type=\"widget\" data-widget_type=\"heading.default\">\n\t\t\t\t<div class=\"elementor-widget-container\">\n\t\t\t\t\t<h2 class=\"elementor-heading-title elementor-size-default\">Votre Personal Organizer !<\/h2>\t\t\t\t<\/div>\n\t\t\t\t<\/div>\n\t\t\t\t<section data-particle_enable=\"false\" data-particle-mobile-disabled=\"false\" class=\"elementor-section elementor-inner-section elementor-element elementor-element-8383a73 elementor-section-boxed elementor-section-height-default elementor-section-height-default\" data-id=\"8383a73\" data-element_type=\"section\" data-e-type=\"section\" data-settings=\"{&quot;background_background&quot;:&quot;classic&quot;}\">\n\t\t\t\t\t\t<div class=\"elementor-container elementor-column-gap-default\">\n\t\t\t\t\t<div class=\"elementor-column elementor-col-50 elementor-inner-column elementor-element elementor-element-7d482d1\" data-id=\"7d482d1\" data-element_type=\"column\" data-e-type=\"column\">\n\t\t\t<div class=\"elementor-widget-wrap elementor-element-populated\">\n\t\t\t\t\t\t<div class=\"elementor-element elementor-element-06223fc elementor-position-top elementor-widget elementor-widget-image-box\" data-id=\"06223fc\" data-element_type=\"widget\" data-e-type=\"widget\" data-widget_type=\"image-box.default\">\n\t\t\t\t<div class=\"elementor-widget-container\">\n\t\t\t\t\t<div class=\"elementor-image-box-wrapper\"><figure class=\"elementor-image-box-img\"><a href=\"https:\/\/el-personalorganizer.ch\/contact\/\" tabindex=\"-1\"><img decoding=\"async\" src=\"https:\/\/el-personalorganizer.ch\/wp-content\/uploads\/elementor\/thumbs\/corona-5124524_1920.jpg-pivk37aytk67chtxg9jck2hns5ud5gv8itrtqtfrnc-pmffe35bx6etiq82dzni0n6h2yz90ds3uqkytpcpe0.png\" title=\"corona-5124524_1920.jpg-pivk37aytk67chtxg9jck2hns5ud5gv8itrtqtfrnc\" alt=\"corona-5124524_1920.jpg-pivk37aytk67chtxg9jck2hns5ud5gv8itrtqtfrnc\" loading=\"lazy\" \/><\/a><\/figure><div class=\"elementor-image-box-content\"><h4 class=\"elementor-image-box-title\"><a href=\"https:\/\/el-personalorganizer.ch\/contact\/\">Consultation en Ligne<\/a><\/h4><\/div><\/div>\t\t\t\t<\/div>\n\t\t\t\t<\/div>\n\t\t\t\t\t<\/div>\n\t\t<\/div>\n\t\t\t\t<div class=\"elementor-column elementor-col-50 elementor-inner-column elementor-element elementor-element-3e673f8\" data-id=\"3e673f8\" data-element_type=\"column\" data-e-type=\"column\">\n\t\t\t<div class=\"elementor-widget-wrap elementor-element-populated\">\n\t\t\t\t\t\t<div class=\"elementor-element elementor-element-7f60dee elementor-position-top elementor-widget elementor-widget-image-box\" data-id=\"7f60dee\" data-element_type=\"widget\" data-e-type=\"widget\" data-widget_type=\"image-box.default\">\n\t\t\t\t<div class=\"elementor-widget-container\">\n\t\t\t\t\t<div class=\"elementor-image-box-wrapper\"><figure class=\"elementor-image-box-img\"><a href=\"https:\/\/el-personalorganizer.ch\/services\/\" tabindex=\"-1\"><img decoding=\"async\" src=\"https:\/\/el-personalorganizer.ch\/wp-content\/uploads\/elementor\/thumbs\/54db1bb4-6e2c-440b-8954-b50d28cc5e28-pmffe35bx6etiq82dzni0n6h2yz90ds3uqkytpcpe0.jpg\" title=\"54db1bb4-6e2c-440b-8954-b50d28cc5e28\" alt=\"54db1bb4-6e2c-440b-8954-b50d28cc5e28\" loading=\"lazy\" \/><\/a><\/figure><div class=\"elementor-image-box-content\"><h4 class=\"elementor-image-box-title\"><a href=\"https:\/\/el-personalorganizer.ch\/services\/\">Organisation des habits<\/a><\/h4><\/div><\/div>\t\t\t\t<\/div>\n\t\t\t\t<\/div>\n\t\t\t\t\t<\/div>\n\t\t<\/div>\n\t\t\t\t\t<\/div>\n\t\t<\/section>\n\t\t\t\t<section data-particle_enable=\"false\" data-particle-mobile-disabled=\"false\" class=\"elementor-section elementor-inner-section elementor-element elementor-element-5a55f5a elementor-section-boxed elementor-section-height-default elementor-section-height-default\" data-id=\"5a55f5a\" data-element_type=\"section\" data-e-type=\"section\" data-settings=\"{&quot;background_background&quot;:&quot;classic&quot;}\">\n\t\t\t\t\t\t<div class=\"elementor-container elementor-column-gap-default\">\n\t\t\t\t\t<div class=\"elementor-column elementor-col-50 elementor-inner-column elementor-element elementor-element-dd13289\" data-id=\"dd13289\" data-element_type=\"column\" data-e-type=\"column\">\n\t\t\t<div class=\"elementor-widget-wrap elementor-element-populated\">\n\t\t\t\t\t\t<div class=\"elementor-element elementor-element-a423484 elementor-position-top elementor-widget elementor-widget-image-box\" data-id=\"a423484\" data-element_type=\"widget\" data-e-type=\"widget\" data-widget_type=\"image-box.default\">\n\t\t\t\t<div class=\"elementor-widget-container\">\n\t\t\t\t\t<div class=\"elementor-image-box-wrapper\"><figure class=\"elementor-image-box-img\"><a href=\"https:\/\/el-personalorganizer.ch\/services\/\" tabindex=\"-1\"><img decoding=\"async\" src=\"https:\/\/el-personalorganizer.ch\/wp-content\/uploads\/elementor\/thumbs\/interior-with-table-and-chairs-pmffe35bx6etiq82dzni0n6h2yz90ds3uqkytpcpe0.jpg\" title=\"interior-with-table-and-chairs.jpg\" alt=\"interior-with-table-and-chairs.jpg\" loading=\"lazy\" \/><\/a><\/figure><div class=\"elementor-image-box-content\"><h4 class=\"elementor-image-box-title\"><a href=\"https:\/\/el-personalorganizer.ch\/services\/\">Organisation Maison &amp; <br>Home Office<\/a><\/h4><\/div><\/div>\t\t\t\t<\/div>\n\t\t\t\t<\/div>\n\t\t\t\t\t<\/div>\n\t\t<\/div>\n\t\t\t\t<div class=\"elementor-column elementor-col-50 elementor-inner-column elementor-element elementor-element-024014f\" data-id=\"024014f\" data-element_type=\"column\" data-e-type=\"column\">\n\t\t\t<div class=\"elementor-widget-wrap elementor-element-populated\">\n\t\t\t\t\t\t<div class=\"elementor-element elementor-element-31fcf32 elementor-position-top elementor-widget elementor-widget-image-box\" data-id=\"31fcf32\" data-element_type=\"widget\" data-e-type=\"widget\" data-widget_type=\"image-box.default\">\n\t\t\t\t<div class=\"elementor-widget-container\">\n\t\t\t\t\t<div class=\"elementor-image-box-wrapper\"><figure class=\"elementor-image-box-img\"><a href=\"https:\/\/el-personalorganizer.ch\/services\/\" tabindex=\"-1\"><img decoding=\"async\" src=\"https:\/\/el-personalorganizer.ch\/wp-content\/uploads\/elementor\/thumbs\/184d8a0b-2aca-4c83-b436-31507b1aa359.jpg-pivk34hg922cdny0wqbgul7a0089idk1iftdazjy60-pmffe35bx6etiq82dzni0n6h2yz90ds3uqkytpcpe0.png\" title=\"184d8a0b-2aca-4c83-b436-31507b1aa359.jpg-pivk34hg922cdny0wqbgul7a0089idk1iftdazjy60\" alt=\"184d8a0b-2aca-4c83-b436-31507b1aa359.jpg-pivk34hg922cdny0wqbgul7a0089idk1iftdazjy60\" loading=\"lazy\" \/><\/a><\/figure><div class=\"elementor-image-box-content\"><h4 class=\"elementor-image-box-title\"><a href=\"https:\/\/el-personalorganizer.ch\/services\/\">Organisation des habits des b\u00e9b\u00e9s et des enfants<\/a><\/h4><\/div><\/div>\t\t\t\t<\/div>\n\t\t\t\t<\/div>\n\t\t\t\t\t<\/div>\n\t\t<\/div>\n\t\t\t\t\t<\/div>\n\t\t<\/section>\n\t\t\t\t\t<\/div>\n\t\t<\/div>\n\t\t\t\t\t<\/div>\n\t\t<\/section>\n\t\t\t\t<\/div>\n\t\t","protected":false},"excerpt":{"rendered":"<p>Votre Personal Organizer Gen\u00e8ve -Suisse ELIETE LUTHI Votre Personal Organizer ! Consultation en Ligne Organisation des habits Organisation Maison &#038; Home Office Organisation des habits des b\u00e9b\u00e9s et des enfants<\/p>\n","protected":false},"author":3,"featured_media":0,"parent":0,"menu_order":0,"comment_status":"closed","ping_status":"closed","template":"","meta":{"footnotes":""},"class_list":["post-27","page","type-page","status-publish","hentry"],"yoast_head":"<!-- This site is optimized with the Yoast SEO plugin v27.3 - https:\/\/yoast.com\/product\/yoast-seo-wordpress\/ -->\n<title>Accueil - El Personal Organizer Gen\u00e8ve Suisse<\/title>\n<meta name=\"robots\" content=\"index, follow, max-snippet:-1, max-image-preview:large, max-video-preview:-1\" \/>\n<link rel=\"canonical\" href=\"https:\/\/el-personalorganizer.ch\/\" \/>\n<meta property=\"og:locale\" content=\"fr_FR\" \/>\n<meta property=\"og:type\" content=\"article\" \/>\n<meta property=\"og:title\" content=\"Accueil - El Personal Organizer Gen\u00e8ve Suisse\" \/>\n<meta property=\"og:description\" content=\"Votre Personal Organizer Gen\u00e8ve -Suisse ELIETE LUTHI Votre Personal Organizer ! Consultation en Ligne Organisation des habits Organisation Maison &#038; Home Office Organisation des habits des b\u00e9b\u00e9s et des enfants\" \/>\n<meta property=\"og:url\" content=\"https:\/\/el-personalorganizer.ch\/\" \/>\n<meta property=\"og:site_name\" content=\"El Personal Organizer Gen\u00e8ve Suisse\" \/>\n<meta property=\"article:modified_time\" content=\"2023-05-09T00:37:09+00:00\" \/>\n<meta property=\"og:image\" content=\"https:\/\/el-personalorganizer.ch\/wp-content\/uploads\/2022\/01\/tempFileForShare_20220115-200932-1.jpg\" \/>\n<meta name=\"twitter:card\" content=\"summary_large_image\" \/>\n<meta name=\"twitter:label1\" content=\"Dur\u00e9e de lecture estim\u00e9e\" \/>\n\t<meta name=\"twitter:data1\" content=\"2 minutes\" \/>\n<script type=\"application\/ld+json\" class=\"yoast-schema-graph\">{\"@context\":\"https:\\\/\\\/schema.org\",\"@graph\":[{\"@type\":\"WebPage\",\"@id\":\"https:\\\/\\\/el-personalorganizer.ch\\\/\",\"url\":\"https:\\\/\\\/el-personalorganizer.ch\\\/\",\"name\":\"Accueil - El Personal Organizer Gen\u00e8ve Suisse\",\"isPartOf\":{\"@id\":\"https:\\\/\\\/el-personalorganizer.ch\\\/#website\"},\"primaryImageOfPage\":{\"@id\":\"https:\\\/\\\/el-personalorganizer.ch\\\/#primaryimage\"},\"image\":{\"@id\":\"https:\\\/\\\/el-personalorganizer.ch\\\/#primaryimage\"},\"thumbnailUrl\":\"https:\\\/\\\/el-personalorganizer.ch\\\/wp-content\\\/uploads\\\/2022\\\/01\\\/tempFileForShare_20220115-200932-1.jpg\",\"datePublished\":\"2022-01-12T23:03:25+00:00\",\"dateModified\":\"2023-05-09T00:37:09+00:00\",\"breadcrumb\":{\"@id\":\"https:\\\/\\\/el-personalorganizer.ch\\\/#breadcrumb\"},\"inLanguage\":\"fr-FR\",\"potentialAction\":[{\"@type\":\"ReadAction\",\"target\":[\"https:\\\/\\\/el-personalorganizer.ch\\\/\"]}]},{\"@type\":\"ImageObject\",\"inLanguage\":\"fr-FR\",\"@id\":\"https:\\\/\\\/el-personalorganizer.ch\\\/#primaryimage\",\"url\":\"https:\\\/\\\/el-personalorganizer.ch\\\/wp-content\\\/uploads\\\/2022\\\/01\\\/tempFileForShare_20220115-200932-1.jpg\",\"contentUrl\":\"https:\\\/\\\/el-personalorganizer.ch\\\/wp-content\\\/uploads\\\/2022\\\/01\\\/tempFileForShare_20220115-200932-1.jpg\",\"width\":1051,\"height\":1325},{\"@type\":\"BreadcrumbList\",\"@id\":\"https:\\\/\\\/el-personalorganizer.ch\\\/#breadcrumb\",\"itemListElement\":[{\"@type\":\"ListItem\",\"position\":1,\"name\":\"Home\",\"item\":\"https:\\\/\\\/el-personalorganizer.ch\\\/\"},{\"@type\":\"ListItem\",\"position\":2,\"name\":\"Accueil\"}]},{\"@type\":\"WebSite\",\"@id\":\"https:\\\/\\\/el-personalorganizer.ch\\\/#website\",\"url\":\"https:\\\/\\\/el-personalorganizer.ch\\\/\",\"name\":\"El Personal Organizer Gen\u00e8ve Suisse\",\"description\":\"Eliete Luthi personal organizer \u00e0 Gen\u00e8ve\",\"publisher\":{\"@id\":\"https:\\\/\\\/el-personalorganizer.ch\\\/#organization\"},\"potentialAction\":[{\"@type\":\"SearchAction\",\"target\":{\"@type\":\"EntryPoint\",\"urlTemplate\":\"https:\\\/\\\/el-personalorganizer.ch\\\/?s={search_term_string}\"},\"query-input\":{\"@type\":\"PropertyValueSpecification\",\"valueRequired\":true,\"valueName\":\"search_term_string\"}}],\"inLanguage\":\"fr-FR\"},{\"@type\":\"Organization\",\"@id\":\"https:\\\/\\\/el-personalorganizer.ch\\\/#organization\",\"name\":\"El Personal Organizer Gen\u00e8ve Suisse\",\"url\":\"https:\\\/\\\/el-personalorganizer.ch\\\/\",\"logo\":{\"@type\":\"ImageObject\",\"inLanguage\":\"fr-FR\",\"@id\":\"https:\\\/\\\/el-personalorganizer.ch\\\/#\\\/schema\\\/logo\\\/image\\\/\",\"url\":\"https:\\\/\\\/el-personalorganizer.ch\\\/wp-content\\\/uploads\\\/2022\\\/03\\\/cropped-rsz_1logo-el-248x300-1.jpg\",\"contentUrl\":\"https:\\\/\\\/el-personalorganizer.ch\\\/wp-content\\\/uploads\\\/2022\\\/03\\\/cropped-rsz_1logo-el-248x300-1.jpg\",\"width\":512,\"height\":512,\"caption\":\"El Personal Organizer Gen\u00e8ve Suisse\"},\"image\":{\"@id\":\"https:\\\/\\\/el-personalorganizer.ch\\\/#\\\/schema\\\/logo\\\/image\\\/\"}}]}<\/script>\n<!-- \/ Yoast SEO plugin. -->","yoast_head_json":{"title":"Accueil - El Personal Organizer Gen\u00e8ve Suisse","robots":{"index":"index","follow":"follow","max-snippet":"max-snippet:-1","max-image-preview":"max-image-preview:large","max-video-preview":"max-video-preview:-1"},"canonical":"https:\/\/el-personalorganizer.ch\/","og_locale":"fr_FR","og_type":"article","og_title":"Accueil - El Personal Organizer Gen\u00e8ve Suisse","og_description":"Votre Personal Organizer Gen\u00e8ve -Suisse ELIETE LUTHI Votre Personal Organizer ! Consultation en Ligne Organisation des habits Organisation Maison &#038; Home Office Organisation des habits des b\u00e9b\u00e9s et des enfants","og_url":"https:\/\/el-personalorganizer.ch\/","og_site_name":"El Personal Organizer Gen\u00e8ve Suisse","article_modified_time":"2023-05-09T00:37:09+00:00","og_image":[{"url":"https:\/\/el-personalorganizer.ch\/wp-content\/uploads\/2022\/01\/tempFileForShare_20220115-200932-1.jpg","type":"","width":"","height":""}],"twitter_card":"summary_large_image","twitter_misc":{"Dur\u00e9e de lecture estim\u00e9e":"2 minutes"},"schema":{"@context":"https:\/\/schema.org","@graph":[{"@type":"WebPage","@id":"https:\/\/el-personalorganizer.ch\/","url":"https:\/\/el-personalorganizer.ch\/","name":"Accueil - El Personal Organizer Gen\u00e8ve Suisse","isPartOf":{"@id":"https:\/\/el-personalorganizer.ch\/#website"},"primaryImageOfPage":{"@id":"https:\/\/el-personalorganizer.ch\/#primaryimage"},"image":{"@id":"https:\/\/el-personalorganizer.ch\/#primaryimage"},"thumbnailUrl":"https:\/\/el-personalorganizer.ch\/wp-content\/uploads\/2022\/01\/tempFileForShare_20220115-200932-1.jpg","datePublished":"2022-01-12T23:03:25+00:00","dateModified":"2023-05-09T00:37:09+00:00","breadcrumb":{"@id":"https:\/\/el-personalorganizer.ch\/#breadcrumb"},"inLanguage":"fr-FR","potentialAction":[{"@type":"ReadAction","target":["https:\/\/el-personalorganizer.ch\/"]}]},{"@type":"ImageObject","inLanguage":"fr-FR","@id":"https:\/\/el-personalorganizer.ch\/#primaryimage","url":"https:\/\/el-personalorganizer.ch\/wp-content\/uploads\/2022\/01\/tempFileForShare_20220115-200932-1.jpg","contentUrl":"https:\/\/el-personalorganizer.ch\/wp-content\/uploads\/2022\/01\/tempFileForShare_20220115-200932-1.jpg","width":1051,"height":1325},{"@type":"BreadcrumbList","@id":"https:\/\/el-personalorganizer.ch\/#breadcrumb","itemListElement":[{"@type":"ListItem","position":1,"name":"Home","item":"https:\/\/el-personalorganizer.ch\/"},{"@type":"ListItem","position":2,"name":"Accueil"}]},{"@type":"WebSite","@id":"https:\/\/el-personalorganizer.ch\/#website","url":"https:\/\/el-personalorganizer.ch\/","name":"El Personal Organizer Gen\u00e8ve Suisse","description":"Eliete Luthi personal organizer \u00e0 Gen\u00e8ve","publisher":{"@id":"https:\/\/el-personalorganizer.ch\/#organization"},"potentialAction":[{"@type":"SearchAction","target":{"@type":"EntryPoint","urlTemplate":"https:\/\/el-personalorganizer.ch\/?s={search_term_string}"},"query-input":{"@type":"PropertyValueSpecification","valueRequired":true,"valueName":"search_term_string"}}],"inLanguage":"fr-FR"},{"@type":"Organization","@id":"https:\/\/el-personalorganizer.ch\/#organization","name":"El Personal Organizer Gen\u00e8ve Suisse","url":"https:\/\/el-personalorganizer.ch\/","logo":{"@type":"ImageObject","inLanguage":"fr-FR","@id":"https:\/\/el-personalorganizer.ch\/#\/schema\/logo\/image\/","url":"https:\/\/el-personalorganizer.ch\/wp-content\/uploads\/2022\/03\/cropped-rsz_1logo-el-248x300-1.jpg","contentUrl":"https:\/\/el-personalorganizer.ch\/wp-content\/uploads\/2022\/03\/cropped-rsz_1logo-el-248x300-1.jpg","width":512,"height":512,"caption":"El Personal Organizer Gen\u00e8ve Suisse"},"image":{"@id":"https:\/\/el-personalorganizer.ch\/#\/schema\/logo\/image\/"}}]}},"_links":{"self":[{"href":"https:\/\/el-personalorganizer.ch\/index.php?rest_route=\/wp\/v2\/pages\/27","targetHints":{"allow":["GET"]}}],"collection":[{"href":"https:\/\/el-personalorganizer.ch\/index.php?rest_route=\/wp\/v2\/pages"}],"about":[{"href":"https:\/\/el-personalorganizer.ch\/index.php?rest_route=\/wp\/v2\/types\/page"}],"author":[{"embeddable":true,"href":"https:\/\/el-personalorganizer.ch\/index.php?rest_route=\/wp\/v2\/users\/3"}],"replies":[{"embeddable":true,"href":"https:\/\/el-personalorganizer.ch\/index.php?rest_route=%2Fwp%2Fv2%2Fcomments&post=27"}],"version-history":[{"count":0,"href":"https:\/\/el-personalorganizer.ch\/index.php?rest_route=\/wp\/v2\/pages\/27\/revisions"}],"wp:attachment":[{"href":"https:\/\/el-personalorganizer.ch\/index.php?rest_route=%2Fwp%2Fv2%2Fmedia&parent=27"}],"curies":[{"name":"wp","href":"https:\/\/api.w.org\/{rel}","templated":true}]}}